{"id":82,"date":"2016-03-16T14:18:15","date_gmt":"2016-03-16T13:18:15","guid":{"rendered":"http:\/\/salome-online.com\/capsules\/?page_id=82"},"modified":"2017-03-12T12:26:10","modified_gmt":"2017-03-12T11:26:10","slug":"mesures","status":"publish","type":"page","link":"https:\/\/salome-online.com\/capsules\/mesures\/","title":{"rendered":"Mesures"},"content":{"rendered":"<h1><img loading=\"lazy\" decoding=\"async\" class=\"wp-image-374 aligncenter\" src=\"https:\/\/salome-online.com\/capsules\/wp-content\/uploads\/2016\/03\/Mesures-1024x912.png\" alt=\"Mesures\" width=\"420\" height=\"374\" srcset=\"https:\/\/salome-online.com\/capsules\/wp-content\/uploads\/2016\/03\/Mesures-1024x912.png 1024w, https:\/\/salome-online.com\/capsules\/wp-content\/uploads\/2016\/03\/Mesures-300x267.png 300w, https:\/\/salome-online.com\/capsules\/wp-content\/uploads\/2016\/03\/Mesures-768x684.png 768w, https:\/\/salome-online.com\/capsules\/wp-content\/uploads\/2016\/03\/Mesures.png 1099w\" sizes=\"auto, (max-width: 420px) 100vw, 420px\" \/><\/h1>\n<p style=\"text-align: center;\"><span style=\"color: #808080;\">Une mesure est un nombre qui indique quelque chose sur un objet.<\/span><br \/>\n<span style=\"color: #808080;\"> <em>Exemple : Cette pomme p\u00e8se 200 grammes.<br \/>\n<\/em>Effectuer des mesures n\u00e9cessite un instrument (par exemple, une r\u00e8gle gradu\u00e9e, ou un thermom\u00e8tre).<em><br \/>\n<\/em><\/span><\/p>\n<p>&nbsp;<\/p>\n<div class=\"row\"> <div class=\"col-md-6\">\n<h2>Mesurer avec une r\u00e8gle gradu\u00e9e<\/h2>\n<p><iframe loading=\"lazy\" src=\"https:\/\/www.youtube.com\/embed\/x5Cfh2cd6ug?rel=0\" width=\"480\" height=\"360\" frameborder=\"0\" allowfullscreen=\"allowfullscreen\"><\/iframe><\/p>\n<\/div><div class=\"col-md-6\">\n<h2>Les dur\u00e9es<\/h2>\n<p><iframe loading=\"lazy\" src=\"https:\/\/www.youtube.com\/embed\/GvQhDD6fj9A?rel=0\" width=\"480\" height=\"360\" frameborder=\"0\" allowfullscreen=\"allowfullscreen\"><\/iframe><br \/>\n<\/div><\/div>\n<div class=\"row\"> <div class=\"col-md-6\">\n<h2>Lire l&rsquo;heure<\/h2>\n<p><iframe loading=\"lazy\" src=\"https:\/\/www.youtube.com\/embed\/QksUk-K3-_I?rel=0\" width=\"480\" height=\"360\" frameborder=\"0\" allowfullscreen=\"allowfullscreen\"><\/iframe><br \/>\n<\/div><div class=\"col-md-6\">\n<\/div><\/div>\n<div class=\"row\"> <div class=\"col-md-6\">\n<p>&nbsp;<\/p>\n<\/div><div class=\"col-md-6\">\n<p>&nbsp;<\/p>\n<\/div><\/div>\n<p style=\"text-align: center;\"><a class=\"fasc-button fasc-size-large fasc-type-glossy fasc-rounded-medium fasc-ico-before dashicons-admin-home\" style=\"background-color: #8111d6; color: #ffffff;\" href=\"https:\/\/salome-online.com\/capsules\/\" data-fasc-style=\"background-color:#8111d6;color:#ffffff;\">Accueil<\/a><\/p>\n<p>\u00ab\u00a0Grandeurs et mesures\u00a0\u00bb sont des notions utilis\u00e9s par les enseignants, qui doivent \u00eatre parfaitement ma\u00eetris\u00e9es afin de pouvoir enseigner avec efficacit\u00e9, mais ce ne sont en aucun cas des termes \u00e0 utiliser avec les \u00e9l\u00e8ves.<\/p>\n<h4 data-canvas-width=\"149.13\">Programme 2008 : Grandeurs et mesures<\/h4>\n<div data-canvas-width=\"277.57499999999993\"><strong>Les longueurs, les masses, les volumes<\/strong> :<\/div>\n<div data-canvas-width=\"233.46\">mesure, estimation, unit\u00e9s l\u00e9gales du syst\u00e8me m\u00e9trique, calcul sur les grandeurs, conversions, p\u00e9rim\u00e8tre d\u2019un polygone, formule du p\u00e9rim\u00e8tre du carr\u00e9 et du rectangle, de la longueur du cercle, du volume du pav\u00e9 droit.<\/div>\n<div data-canvas-width=\"78.3\"><strong>Les aires :<\/strong><\/div>\n<div data-canvas-width=\"801.3449999999999\">comparaison de surfaces selon leurs aires, unit\u00e9s usuelles, conversions ; formule de l\u2019aire d\u2019un rectangle et d\u2019un triangle.<\/div>\n<div data-canvas-width=\"90.765\"><strong>Les angles :<\/strong><\/div>\n<div data-canvas-width=\"507.9\">comparaison, utilisation d\u2019un gabarit et de l\u2019\u00e9querre ; angle droit, aigu, obtus.<\/div>\n<div data-canvas-width=\"169.04999999999998\"><strong>Le rep\u00e9rage du temps :<\/strong><\/div>\n<div data-canvas-width=\"226.80000000000004\">lecture de l\u2019heure et du calendrier.<\/div>\n<div data-canvas-width=\"92.445\"><strong>Les dur\u00e9es :<\/strong><\/div>\n<div data-canvas-width=\"564.6300000000001\">unit\u00e9s de mesure des dur\u00e9es, calcul de la dur\u00e9e \u00e9coul\u00e9e entre deux instants donn\u00e9s.<\/div>\n<div data-canvas-width=\"83.265\"><strong>La monnaie <\/strong><\/div>\n<div data-canvas-width=\"199.815\"><strong>La r\u00e9solution de probl\u00e8mes<\/strong><\/div>\n<div data-canvas-width=\"391.04999999999995\">concrets contribue \u00e0 consolider les connaissances et capacit\u00e9s relatives aux grandeurs et \u00e0 leur mesure, et, \u00e0 leur donner sens. \u00c0 cette occasion des estimations de mesure peuvent \u00eatre fournies puis valid\u00e9es.<\/div>\n<p>&nbsp;<\/p>\n<p>&nbsp;<\/p>\n","protected":false},"excerpt":{"rendered":"<p>Une mesure est un nombre qui indique quelque chose sur un objet. Exemple : Cette pomme p\u00e8se 200 grammes. Effectuer des mesures n\u00e9cessite un instrument (par exemple, une r\u00e8gle gradu\u00e9e, ou un thermom\u00e8tre). &nbsp; Accueil \u00ab\u00a0Grandeurs et mesures\u00a0\u00bb sont des &hellip; <a href=\"https:\/\/salome-online.com\/capsules\/mesures\/\">Lire la suite<\/a><\/p>\n","protected":false},"author":1,"featured_media":0,"parent":0,"menu_order":0,"comment_status":"closed","ping_status":"closed","template":"","meta":{"om_disable_all_campaigns":false,"kt_blocks_editor_width":"","_monsterinsights_skip_tracking":false,"_monsterinsights_sitenote_active":false,"_monsterinsights_sitenote_note":"","_monsterinsights_sitenote_category":0,"_uf_show_specific_survey":0,"_uf_disable_surveys":false,"footnotes":""},"class_list":["post-82","page","type-page","status-publish","hentry"],"aioseo_notices":[],"_links":{"self":[{"href":"https:\/\/salome-online.com\/capsules\/wp-json\/wp\/v2\/pages\/82","targetHints":{"allow":["GET"]}}],"collection":[{"href":"https:\/\/salome-online.com\/capsules\/wp-json\/wp\/v2\/pages"}],"about":[{"href":"https:\/\/salome-online.com\/capsules\/wp-json\/wp\/v2\/types\/page"}],"author":[{"embeddable":true,"href":"https:\/\/salome-online.com\/capsules\/wp-json\/wp\/v2\/users\/1"}],"replies":[{"embeddable":true,"href":"https:\/\/salome-online.com\/capsules\/wp-json\/wp\/v2\/comments?post=82"}],"version-history":[{"count":23,"href":"https:\/\/salome-online.com\/capsules\/wp-json\/wp\/v2\/pages\/82\/revisions"}],"predecessor-version":[{"id":376,"href":"https:\/\/salome-online.com\/capsules\/wp-json\/wp\/v2\/pages\/82\/revisions\/376"}],"wp:attachment":[{"href":"https:\/\/salome-online.com\/capsules\/wp-json\/wp\/v2\/media?parent=82"}],"curies":[{"name":"wp","href":"https:\/\/api.w.org\/{rel}","templated":true}]}}