{"id":72,"date":"2016-03-16T14:05:52","date_gmt":"2016-03-16T13:05:52","guid":{"rendered":"http:\/\/salome-online.com\/capsules\/?page_id=72"},"modified":"2017-09-08T17:11:20","modified_gmt":"2017-09-08T16:11:20","slug":"conjugaison","status":"publish","type":"page","link":"https:\/\/salome-online.com\/capsules\/conjugaison\/","title":{"rendered":"Conjugaison"},"content":{"rendered":"<p style=\"text-align: center;\"><img loading=\"lazy\" decoding=\"async\" class=\"wp-image-384 aligncenter\" src=\"https:\/\/salome-online.com\/capsules\/wp-content\/uploads\/2016\/03\/conjugaison-1-1024x850.png\" alt=\"Conjugaison\" width=\"421\" height=\"349\" srcset=\"https:\/\/salome-online.com\/capsules\/wp-content\/uploads\/2016\/03\/conjugaison-1-1024x850.png 1024w, https:\/\/salome-online.com\/capsules\/wp-content\/uploads\/2016\/03\/conjugaison-1-300x249.png 300w, https:\/\/salome-online.com\/capsules\/wp-content\/uploads\/2016\/03\/conjugaison-1-768x637.png 768w, https:\/\/salome-online.com\/capsules\/wp-content\/uploads\/2016\/03\/conjugaison-1.png 1281w\" sizes=\"auto, (max-width: 421px) 100vw, 421px\" \/><\/p>\n<p style=\"text-align: center;\"><span style=\"color: #808080;\"><em>La conjugaison des verbes sert \u00e0 indiquer :<\/em><\/span><\/p>\n<ul>\n<li style=\"text-align: center;\"><span style=\"color: #808080;\"><em>la personne qui fait l&rsquo;action<\/em><\/span><\/li>\n<li style=\"text-align: center;\"><span style=\"color: #808080;\"><em>le moment o\u00f9 se d\u00e9roule l&rsquo;action<\/em><\/span><\/li>\n<\/ul>\n<p>&nbsp;<\/p>\n<div class=\"row\"> <div class=\"col-md-6\">\n<h2>Le futur simple de l&rsquo;indicatif (1)<\/h2>\n<p><iframe loading=\"lazy\" src=\"https:\/\/www.youtube.com\/embed\/4C3GTA32sSk?rel=0\" allowfullscreen=\"allowfullscreen\" width=\"480\" height=\"360\" frameborder=\"0\"><\/iframe><br \/>\n<\/div><div class=\"col-md-6\">\n<p>&nbsp;<\/p>\n<\/div><\/div>\n<div class=\"row\"> <div class=\"col-md-6\">\n<h2>Pass\u00e9 compos\u00e9 de l&rsquo;indicatif (1)<\/h2>\n<p><iframe loading=\"lazy\" src=\"https:\/\/www.youtube.com\/embed\/MXPVQtZOSOE?rel=0\" allowfullscreen=\"allowfullscreen\" width=\"480\" height=\"360\" frameborder=\"0\"><\/iframe><br \/>\n<\/div><div class=\"col-md-6\">\n<h2>Pass\u00e9 compos\u00e9 de l&rsquo;indicatif (2)<\/h2>\n<p><iframe loading=\"lazy\" src=\"https:\/\/www.youtube.com\/embed\/n541wwMCwYQ?rel=0\" allowfullscreen=\"allowfullscreen\" width=\"480\" height=\"360\" frameborder=\"0\"><\/iframe><br \/>\n<\/div><\/div>\n<div class=\"row\"> <div class=\"col-md-6\">\n<h2>Imparfait de l&rsquo;indicatif <\/h2>\n<p><iframe loading=\"lazy\" width=\"480\" height=\"360\" src=\"https:\/\/www.youtube.com\/embed\/00W9SrwFUGE?rel=0\" frameborder=\"0\" allowfullscreen><\/iframe><\/p>\n<\/div><div class=\"col-md-6\">\n<\/div><\/div>\n<p>&nbsp;<\/p>\n<p style=\"text-align: center;\"><a class=\"fasc-button fasc-size-large fasc-type-glossy fasc-rounded-medium fasc-ico-before dashicons-admin-home\" style=\"background-color: #8111d6; color: #ffffff;\" href=\"https:\/\/salome-online.com\/capsules\/\">Accueil<\/a><\/p>\n<div data-canvas-width=\"207.32249999999996\">&nbsp;<\/div>\n<div data-canvas-width=\"207.32249999999996\">On d\u00e9signe les verbes par leur infinitif et on les classe en 3 groupes selon leur infinitif. Dans ces capsules, vous apprendrez \u00e0 conjuguer les verbes aux principaux temps \u00e9tudi\u00e9s \u00e0 l&rsquo;\u00e9cole \u00e9l\u00e9mentaire.<\/div>\n<h3 data-canvas-width=\"207.32249999999996\">Rep\u00e8res th\u00e9oriques<\/h3>\n<div data-canvas-width=\"247.50825\">Le verbe varie dans sa morphologie en fonction de la personne, du nombre, du genre, du temps, du mode et de la voix. Au d\u00e9but du CM1, on abordera en priorit\u00e9 les variations li\u00e9es \u00e0 la personne et au temps mais, progressivement, la confrontation des modes (infinitif, indicatif, imp\u00e9ratif et, en fin d\u2019ann\u00e9e, subjonctif) mettra en \u00e9vidence leur sp\u00e9cificit\u00e9.<\/div>\n<p>&nbsp;<\/p>\n","protected":false},"excerpt":{"rendered":"<p>La conjugaison des verbes sert \u00e0 indiquer : la personne qui fait l&rsquo;action le moment o\u00f9 se d\u00e9roule l&rsquo;action &nbsp; &nbsp; Accueil &nbsp; On d\u00e9signe les verbes par leur infinitif et on les classe en 3 groupes selon leur infinitif. &hellip; <a href=\"https:\/\/salome-online.com\/capsules\/conjugaison\/\">Lire la suite<\/a><\/p>\n","protected":false},"author":1,"featured_media":0,"parent":0,"menu_order":0,"comment_status":"closed","ping_status":"closed","template":"","meta":{"om_disable_all_campaigns":false,"kt_blocks_editor_width":"","_monsterinsights_skip_tracking":false,"_monsterinsights_sitenote_active":false,"_monsterinsights_sitenote_note":"","_monsterinsights_sitenote_category":0,"_uf_show_specific_survey":0,"_uf_disable_surveys":false,"footnotes":""},"class_list":["post-72","page","type-page","status-publish","hentry"],"aioseo_notices":[],"_links":{"self":[{"href":"https:\/\/salome-online.com\/capsules\/wp-json\/wp\/v2\/pages\/72","targetHints":{"allow":["GET"]}}],"collection":[{"href":"https:\/\/salome-online.com\/capsules\/wp-json\/wp\/v2\/pages"}],"about":[{"href":"https:\/\/salome-online.com\/capsules\/wp-json\/wp\/v2\/types\/page"}],"author":[{"embeddable":true,"href":"https:\/\/salome-online.com\/capsules\/wp-json\/wp\/v2\/users\/1"}],"replies":[{"embeddable":true,"href":"https:\/\/salome-online.com\/capsules\/wp-json\/wp\/v2\/comments?post=72"}],"version-history":[{"count":19,"href":"https:\/\/salome-online.com\/capsules\/wp-json\/wp\/v2\/pages\/72\/revisions"}],"predecessor-version":[{"id":789,"href":"https:\/\/salome-online.com\/capsules\/wp-json\/wp\/v2\/pages\/72\/revisions\/789"}],"wp:attachment":[{"href":"https:\/\/salome-online.com\/capsules\/wp-json\/wp\/v2\/media?parent=72"}],"curies":[{"name":"wp","href":"https:\/\/api.w.org\/{rel}","templated":true}]}}