{"id":67,"date":"2016-03-16T14:00:38","date_gmt":"2016-03-16T13:00:38","guid":{"rendered":"http:\/\/salome-online.com\/capsules\/?page_id=67"},"modified":"2020-03-25T18:32:30","modified_gmt":"2020-03-25T17:32:30","slug":"orthographe","status":"publish","type":"page","link":"https:\/\/salome-online.com\/capsules\/orthographe\/","title":{"rendered":"Orthographe"},"content":{"rendered":"<p><img loading=\"lazy\" decoding=\"async\" class=\"wp-image-367 aligncenter\" src=\"https:\/\/salome-online.com\/capsules\/wp-content\/uploads\/2016\/03\/orthographe-1024x634.png\" alt=\"Orthographe\" width=\"420\" height=\"260\" srcset=\"https:\/\/salome-online.com\/capsules\/wp-content\/uploads\/2016\/03\/orthographe-1024x634.png 1024w, https:\/\/salome-online.com\/capsules\/wp-content\/uploads\/2016\/03\/orthographe-300x186.png 300w, https:\/\/salome-online.com\/capsules\/wp-content\/uploads\/2016\/03\/orthographe-768x476.png 768w, https:\/\/salome-online.com\/capsules\/wp-content\/uploads\/2016\/03\/orthographe.png 1469w\" sizes=\"auto, (max-width: 420px) 100vw, 420px\" \/><\/p>\n<p style=\"text-align: center;\"><span style=\"color: #808080;\">Cette page regroupe toutes les capsules vid\u00e9o en rapport avec l&rsquo;orthographe, qu&rsquo;il s&rsquo;agisse d&rsquo;orthographe d&rsquo;usage ou d&rsquo;orthographe grammaticale.<\/span><\/p>\n<p><span style=\"color: #000000;\"><div class=\"row\"> <div class=\"col-md-6\"><\/span><\/p>\n<h2>Lettres finales muettes<\/h2>\n<p><iframe loading=\"lazy\" src=\"https:\/\/www.youtube.com\/embed\/9VQltUB9480?rel=0\" allowfullscreen=\"allowfullscreen\" width=\"480\" height=\"360\" frameborder=\"0\"><\/iframe><br \/>\n<\/div><div class=\"col-md-6\">\n<h2>Ne pas confondre a et \u00e0<\/h2>\n<p><iframe loading=\"lazy\" src=\"https:\/\/www.youtube.com\/embed\/dfWdjV7Ia1Q?rel=0\" allowfullscreen=\"allowfullscreen\" width=\"480\" height=\"360\" frameborder=\"0\"><\/iframe><br \/>\n<\/div><\/div>\n<div class=\"row\"> <div class=\"col-md-6\">\n<h2>Ne pas confondre ont et on<\/h2>\n<p><iframe loading=\"lazy\" src=\"https:\/\/www.youtube.com\/embed\/JPwHTlaO-lw?rel=0\" allowfullscreen=\"allowfullscreen\" width=\"480\" height=\"360\" frameborder=\"0\"><\/iframe><br \/>\n<\/div><div class=\"col-md-6\">\n<h2>Participe pass\u00e9 en \u00e9 et infinitif en er<\/h2>\n<p><iframe loading=\"lazy\" src=\"https:\/\/www.youtube.com\/embed\/ioKYHkTSusE?rel=0\" allowfullscreen=\"allowfullscreen\" width=\"480\" height=\"360\" frameborder=\"0\"><\/iframe><\/p>\n<p>&nbsp;<\/p>\n<\/div><\/div>\n<div class=\"row\"> <div class=\"col-md-6\">\n<h2>Le pluriel des noms<\/h2>\n<p><iframe loading=\"lazy\" src=\"https:\/\/www.youtube.com\/embed\/_lutGBIfVy8?rel=0\" allowfullscreen=\"allowfullscreen\" width=\"480\" height=\"360\" frameborder=\"0\"><\/iframe><\/p>\n<\/div><div class=\"col-md-6\">\n<h2>C ou \u00c7<\/h2>\n<p><iframe loading=\"lazy\" src=\"https:\/\/www.youtube.com\/embed\/5dTjnWAvVxQ?rel=0\" allowfullscreen=\"allowfullscreen\" width=\"480\" height=\"360\" frameborder=\"0\"><\/iframe><br \/>\n<\/div><\/div>\n<div class=\"row\"> <div class=\"col-md-6\">\n<h2>G, Gu ou Ge<\/h2>\n<p><iframe loading=\"lazy\" src=\"https:\/\/www.youtube.com\/embed\/6PsOmdewcAU?rel=0\" allowfullscreen=\"allowfullscreen\" width=\"480\" height=\"360\" frameborder=\"0\"><\/iframe><\/p>\n<\/div><div class=\"col-md-6\">\n<h2>Noms en \u00e9, \u00e9e, t\u00e9, ti\u00e9<\/h2>\n<p><iframe loading=\"lazy\" src=\"https:\/\/www.youtube.com\/embed\/HgKicbR8lu8?rel=0\" allow=\"accelerometer; autoplay; encrypted-media; gyroscope; picture-in-picture\" allowfullscreen=\"\" width=\"480\" height=\"360\" frameborder=\"0\"><\/iframe><br \/>\n<\/div><\/div>\n<div class=\"row\"> <div class=\"col-md-6\">\n<h2>Accord des adjectifs avec le nom<\/h2>\n<p><iframe loading=\"lazy\" src=\"https:\/\/www.youtube.com\/embed\/pfY4cGZqycA?rel=0\" allowfullscreen=\"allowfullscreen\" width=\"480\" height=\"360\" frameborder=\"0\"><\/iframe><\/p>\n<\/div><div class=\"col-md-6\">\n<h2>Le f\u00e9minin des adjectifs<\/h2>\n<p><iframe loading=\"lazy\" src=\"https:\/\/www.youtube.com\/embed\/FoazgmpJ0n4?rel=0\" allowfullscreen=\"allowfullscreen\" width=\"480\" height=\"360\" frameborder=\"0\"><\/iframe><br \/>\n<\/div><\/div>\n<p style=\"text-align: center;\"><a class=\"fasc-button fasc-size-large fasc-type-glossy fasc-rounded-medium fasc-ico-before dashicons-admin-home\" style=\"background-color: #8111d6; color: #ffffff;\" href=\"https:\/\/salome-online.com\/capsules\/\">Accueil<\/a><\/p>\n<p>Les cinq domaines du projet de socle commun \u00e0 la rentr\u00e9e 2016<br \/>\n\u00c0 partir de septembre 2016, le socle commun s&rsquo;articulera en cinq domaines de formation d\u00e9finissant les connaissances et les comp\u00e9tences qui doivent \u00eatre acquises \u00e0 l&rsquo;issue de la scolarit\u00e9 obligatoire&nbsp;:<\/p>\n<ul>\n<li>les langages pour penser et communiquer<\/li>\n<li>les m\u00e9thodes et outils pour apprendre<\/li>\n<li>la formation de la personne et du citoyen<\/li>\n<li>les syst\u00e8mes naturels et les syst\u00e8mes techniques<\/li>\n<li>les repr\u00e9sentations du monde et l&rsquo;activit\u00e9 humaine.<\/li>\n<\/ul>\n<p>Pour la premi\u00e8re fois, l&rsquo;organisation des apprentissages, les moyens d&rsquo;acc\u00e8s \u00e0 l&rsquo;information et \u00e0 la documentation, les langages num\u00e9riques, la conduite de projets individuels et collectifs, sont identifi\u00e9s comme devant faire l&rsquo;objet d&rsquo;un enseignement explicite.<\/p>\n<p>&nbsp;<\/p>\n","protected":false},"excerpt":{"rendered":"<p>Cette page regroupe toutes les capsules vid\u00e9o en rapport avec l&rsquo;orthographe, qu&rsquo;il s&rsquo;agisse d&rsquo;orthographe d&rsquo;usage ou d&rsquo;orthographe grammaticale. Accueil Les cinq domaines du projet de socle commun \u00e0 la rentr\u00e9e 2016 \u00c0 partir de septembre 2016, le socle commun s&rsquo;articulera &hellip; <a href=\"https:\/\/salome-online.com\/capsules\/orthographe\/\">Lire la suite<\/a><\/p>\n","protected":false},"author":1,"featured_media":0,"parent":0,"menu_order":0,"comment_status":"closed","ping_status":"closed","template":"","meta":{"om_disable_all_campaigns":false,"kt_blocks_editor_width":"","_monsterinsights_skip_tracking":false,"_monsterinsights_sitenote_active":false,"_monsterinsights_sitenote_note":"","_monsterinsights_sitenote_category":0,"_uf_show_specific_survey":0,"_uf_disable_surveys":false,"footnotes":""},"class_list":["post-67","page","type-page","status-publish","hentry"],"aioseo_notices":[],"_links":{"self":[{"href":"https:\/\/salome-online.com\/capsules\/wp-json\/wp\/v2\/pages\/67","targetHints":{"allow":["GET"]}}],"collection":[{"href":"https:\/\/salome-online.com\/capsules\/wp-json\/wp\/v2\/pages"}],"about":[{"href":"https:\/\/salome-online.com\/capsules\/wp-json\/wp\/v2\/types\/page"}],"author":[{"embeddable":true,"href":"https:\/\/salome-online.com\/capsules\/wp-json\/wp\/v2\/users\/1"}],"replies":[{"embeddable":true,"href":"https:\/\/salome-online.com\/capsules\/wp-json\/wp\/v2\/comments?post=67"}],"version-history":[{"count":30,"href":"https:\/\/salome-online.com\/capsules\/wp-json\/wp\/v2\/pages\/67\/revisions"}],"predecessor-version":[{"id":508,"href":"https:\/\/salome-online.com\/capsules\/wp-json\/wp\/v2\/pages\/67\/revisions\/508"}],"wp:attachment":[{"href":"https:\/\/salome-online.com\/capsules\/wp-json\/wp\/v2\/media?parent=67"}],"curies":[{"name":"wp","href":"https:\/\/api.w.org\/{rel}","templated":true}]}}