{"id":62,"date":"2016-03-16T13:50:42","date_gmt":"2016-03-16T12:50:42","guid":{"rendered":"http:\/\/salome-online.com\/capsules\/?page_id=62"},"modified":"2017-10-12T10:56:23","modified_gmt":"2017-10-12T09:56:23","slug":"grammaire","status":"publish","type":"page","link":"https:\/\/salome-online.com\/capsules\/grammaire\/","title":{"rendered":"Grammaire"},"content":{"rendered":"<h1><img loading=\"lazy\" decoding=\"async\" class=\"wp-image-377 aligncenter\" src=\"https:\/\/salome-online.com\/capsules\/wp-content\/uploads\/2016\/03\/Grammaire-1024x591.png\" alt=\"Grammaire\" height=\"243\" width=\"421\" srcset=\"https:\/\/salome-online.com\/capsules\/wp-content\/uploads\/2016\/03\/Grammaire-1024x591.png 1024w, https:\/\/salome-online.com\/capsules\/wp-content\/uploads\/2016\/03\/Grammaire-300x173.png 300w, https:\/\/salome-online.com\/capsules\/wp-content\/uploads\/2016\/03\/Grammaire-768x443.png 768w, https:\/\/salome-online.com\/capsules\/wp-content\/uploads\/2016\/03\/Grammaire.png 1538w\" sizes=\"auto, (max-width: 421px) 100vw, 421px\" \/><\/h1>\n<p style=\"text-align: left;\"><span style=\"color: #808080;\">Grammaire : \u00e9tude syst\u00e9matique des \u00e9l\u00e9ments constitutifs d&rsquo;une langue. Par extension, c&rsquo;est \u00e9galement un manuel ou un ensemble de documents d\u00e9crivant des r\u00e8gles grammaticales. Elle nous apprend, en particulier, que l&rsquo;ordre des mots est tr\u00e8s important dans une phrase.<br \/>\n<\/span><\/p>\n<p>&nbsp;<\/p>\n<div class=\"row\"> <div class=\"col-md-6\">\n<h2>La phrase<\/h2>\n<p><iframe loading=\"lazy\" src=\"https:\/\/www.youtube.com\/embed\/mlFsZHb2s-w?rel=0\" allowfullscreen=\"allowfullscreen\" height=\"360\" frameborder=\"0\" width=\"480\"><\/iframe><\/p>\n<\/div><div class=\"col-md-6\">\n<h2>Les formes de phrases<\/h2>\n<p><iframe loading=\"lazy\" src=\"https:\/\/www.youtube.com\/embed\/isgKXuzqo48?rel=0\" allowfullscreen=\"allowfullscreen\" height=\"360\" frameborder=\"0\" width=\"480\"><\/iframe><\/p>\n<p>&nbsp;<\/p>\n<\/div><\/div>\n<div class=\"row\"> <div class=\"col-md-6\">\n<h2>Les types de phrases<\/h2>\n<p><iframe loading=\"lazy\" src=\"https:\/\/www.youtube.com\/embed\/8ick2hvXe-A?rel=0\" allowfullscreen=\"allowfullscreen\" height=\"360\" frameborder=\"0\" width=\"480\"><\/iframe><\/p>\n<p>t\u00e9l\u00e9charger la carte mentale sur les <a href=\"https:\/\/salome-online.com\/capsules\/wp-content\/uploads\/2016\/03\/types-de-phrases.pdf\" target=\"_blank\" rel=\"noopener noreferrer\">types de phrases<\/a><\/p>\n<\/div><div class=\"col-md-6\">\n<h2>Le verbe<\/h2>\n<p><iframe loading=\"lazy\" src=\"https:\/\/www.youtube.com\/embed\/9RmtlNMYSno?rel=0\" allowfullscreen=\"allowfullscreen\" height=\"360\" frameborder=\"0\" width=\"480\"><\/iframe><br \/>\n<\/div><\/div>\n<div class=\"row\"> <div class=\"col-md-6\">\n<h2>Le groupe sujet<\/h2>\n<p><iframe loading=\"lazy\" src=\"https:\/\/www.youtube.com\/embed\/OjB_xQWbG48?rel=0\" allowfullscreen=\"allowfullscreen\" height=\"360\" frameborder=\"0\" width=\"480\"><\/iframe><br \/>\n<\/div><div class=\"col-md-6\">\n<h2>Les compl\u00e9ments de phrase<\/h2>\n<p><iframe loading=\"lazy\" src=\"https:\/\/www.youtube.com\/embed\/gWecXjDwngg?rel=0\" allowfullscreen=\"allowfullscreen\" height=\"360\" frameborder=\"0\" width=\"480\"><\/iframe><\/p>\n<p>t\u00e9l\u00e9charger la carte mentale sur les <a href=\"https:\/\/salome-online.com\/capsules\/wp-content\/uploads\/2016\/03\/comple\u0301ments-de-phrase.pdf\" target=\"_blank\" rel=\"noopener noreferrer\">comple\u0301ments de phrase<\/a><br \/>\n<\/div><\/div>\n<div class=\"row\"> <div class=\"col-md-6\">\n<h2>Le nom<\/h2>\n<p><iframe loading=\"lazy\" src=\"https:\/\/www.youtube.com\/embed\/jpFnBBwUrZM?rel=0\" allowfullscreen=\"allowfullscreen\" height=\"360\" frameborder=\"0\" width=\"480\"><\/iframe><\/p>\n<p>t\u00e9l\u00e9charger la carte mentale sur le <a href=\"https:\/\/salome-online.com\/capsules\/wp-content\/uploads\/2016\/03\/nom.pdf\" target=\"_blank\" rel=\"noopener noreferrer\">nom<\/a><\/p>\n<\/div><div class=\"col-md-6\">\n<h2>Les d\u00e9terminants<\/h2>\n<p><iframe loading=\"lazy\" src=\"https:\/\/www.youtube.com\/embed\/BPbLLVuIR8A?rel=0\" allowfullscreen=\"allowfullscreen\" height=\"360\" frameborder=\"0\" width=\"480\"><\/iframe><\/p>\n<p>t\u00e9l\u00e9charger la carte mentale sur les <a href=\"https:\/\/salome-online.com\/capsules\/wp-content\/uploads\/2016\/03\/de\u0301terminants.pdf\">de\u0301terminants<\/a><\/p>\n<\/div><\/div>\n<div class=\"row\"> <div class=\"col-md-6\">\n<h2>L&rsquo;adjectif qualificatif<\/h2>\n<p><iframe loading=\"lazy\" src=\"https:\/\/www.youtube.com\/embed\/74ti9430oDg?rel=0\" allowfullscreen=\"allowfullscreen\" height=\"360\" frameborder=\"0\" width=\"480\"><\/iframe><br \/>\n<\/div><div class=\"col-md-6\">\n<h2>Le compl\u00e9ment du nom<\/h2>\n<p><iframe loading=\"lazy\" src=\"https:\/\/www.youtube.com\/embed\/QO3M5_C4q5A?rel=0\" allowfullscreen=\"allowfullscreen\" height=\"360\" frameborder=\"0\" width=\"480\"><\/iframe><\/p>\n<\/div><\/div>\n<div class=\"row\"> <div class=\"col-md-6\">\n<h2>Les compl\u00e9ments circonstanciels<\/h2>\n<p><iframe loading=\"lazy\" src=\"https:\/\/www.youtube.com\/embed\/QjADvosTDkk?rel=0\" allowfullscreen=\"allowfullscreen\" height=\"360\" frameborder=\"0\" width=\"480\"><\/iframe><\/p>\n<p>&nbsp;<\/p>\n<\/div><div class=\"col-md-6\">\n<h2>Le pr\u00e9dicat<\/h2>\n<p><iframe loading=\"lazy\" src=\"https:\/\/www.youtube.com\/embed\/gynHbdObSKM?rel=0\" allowfullscreen=\"allowfullscreen\" height=\"360\" frameborder=\"0\" width=\"480\"><\/iframe><\/p>\n<p>t\u00e9l\u00e9charger la carte mentale sur le <a href=\"https:\/\/salome-online.com\/capsules\/wp-content\/uploads\/2016\/03\/pre\u0301dicat.pdf\" target=\"_blank\" rel=\"noopener noreferrer\">pre\u0301dicat<\/a><\/p>\n<\/div><\/div>\n<div class=\"row\"> <div class=\"col-md-6\">\n<h2>Le compl\u00e9ment d&rsquo;objet direct<\/h2>\n<p><iframe loading=\"lazy\" src=\"https:\/\/www.youtube.com\/embed\/ciktjgU8OCE?rel=0\" allowfullscreen=\"allowfullscreen\" height=\"360\" frameborder=\"0\" width=\"480\"><\/iframe><\/p>\n<\/div><div class=\"col-md-6\">\n<h2>Le compl\u00e9ment d&rsquo;objet indirect<\/h2>\n<p><iframe loading=\"lazy\" src=\"https:\/\/www.youtube.com\/embed\/VBpIrnYY6IA?rel=0\" allowfullscreen=\"allowfullscreen\" height=\"360\" frameborder=\"0\" width=\"480\"><\/iframe><\/p>\n<p>&nbsp;<\/p>\n<\/div><\/div>\n<div class=\"row\"> <div class=\"col-md-6\">\n<h2>Phrase simple \/ Phrase complexe<\/h2>\n<p><iframe loading=\"lazy\" src=\"https:\/\/www.youtube.com\/embed\/PFw2L8dUGdA?rel=0\" allowfullscreen=\"allowfullscreen\" height=\"360\" frameborder=\"0\" width=\"480\"><\/iframe><br \/>\n&nbsp;<\/p>\n<\/div><div class=\"col-md-6\">\n<p>&nbsp;<\/p>\n<\/div><\/div>\n<p style=\"text-align: center;\"><a class=\"fasc-button fasc-size-large fasc-type-glossy fasc-rounded-medium fasc-ico-before dashicons-admin-home\" style=\"background-color: #8111d6; color: #ffffff;\" href=\"https:\/\/salome-online.com\/capsules\/\">Accueil<\/a><\/p>\n<div data-canvas-width=\"193.99119999999996\">\n<p>&nbsp;<\/p>\n<div class=\"grid_line\">\u00ab\u00a0C&rsquo;est \u00e0 l&rsquo;audace de leurs fautes que l&rsquo;on reconna\u00eet les grands \u00e9crivains.\u00a0\u00bb <em><br \/>\nHenry de Montherlant<\/em><\/div>\n<div class=\"grid_line\">&nbsp;<\/div>\n<\/div>\n<p>&nbsp;<\/p>\n","protected":false},"excerpt":{"rendered":"<p>Grammaire : \u00e9tude syst\u00e9matique des \u00e9l\u00e9ments constitutifs d&rsquo;une langue. Par extension, c&rsquo;est \u00e9galement un manuel ou un ensemble de documents d\u00e9crivant des r\u00e8gles grammaticales. Elle nous apprend, en particulier, que l&rsquo;ordre des mots est tr\u00e8s important dans une phrase. &nbsp; &hellip; <a href=\"https:\/\/salome-online.com\/capsules\/grammaire\/\">Lire la suite<\/a><\/p>\n","protected":false},"author":1,"featured_media":0,"parent":0,"menu_order":0,"comment_status":"closed","ping_status":"closed","template":"","meta":{"om_disable_all_campaigns":false,"kt_blocks_editor_width":"","_monsterinsights_skip_tracking":false,"_monsterinsights_sitenote_active":false,"_monsterinsights_sitenote_note":"","_monsterinsights_sitenote_category":0,"_uf_show_specific_survey":0,"_uf_disable_surveys":false,"footnotes":""},"class_list":["post-62","page","type-page","status-publish","hentry"],"aioseo_notices":[],"_links":{"self":[{"href":"https:\/\/salome-online.com\/capsules\/wp-json\/wp\/v2\/pages\/62","targetHints":{"allow":["GET"]}}],"collection":[{"href":"https:\/\/salome-online.com\/capsules\/wp-json\/wp\/v2\/pages"}],"about":[{"href":"https:\/\/salome-online.com\/capsules\/wp-json\/wp\/v2\/types\/page"}],"author":[{"embeddable":true,"href":"https:\/\/salome-online.com\/capsules\/wp-json\/wp\/v2\/users\/1"}],"replies":[{"embeddable":true,"href":"https:\/\/salome-online.com\/capsules\/wp-json\/wp\/v2\/comments?post=62"}],"version-history":[{"count":46,"href":"https:\/\/salome-online.com\/capsules\/wp-json\/wp\/v2\/pages\/62\/revisions"}],"predecessor-version":[{"id":465,"href":"https:\/\/salome-online.com\/capsules\/wp-json\/wp\/v2\/pages\/62\/revisions\/465"}],"wp:attachment":[{"href":"https:\/\/salome-online.com\/capsules\/wp-json\/wp\/v2\/media?parent=62"}],"curies":[{"name":"wp","href":"https:\/\/api.w.org\/{rel}","templated":true}]}}