{"id":34,"date":"2016-03-15T17:54:25","date_gmt":"2016-03-15T16:54:25","guid":{"rendered":"http:\/\/salome-online.com\/capsules\/?page_id=34"},"modified":"2017-09-12T07:39:03","modified_gmt":"2017-09-12T06:39:03","slug":"a-propos","status":"publish","type":"page","link":"https:\/\/salome-online.com\/capsules\/a-propos\/","title":{"rendered":"\u00e0 propos"},"content":{"rendered":"<div align=\"center\">\n<p><b>[Ce site respecte la charte de l&rsquo;anneau <a href=\"http:\/\/sitinstit.net\">Sitinstit<\/a>]<\/b><\/p>\n<\/div>\n<h2 style=\"text-align: left;\">Pourquoi cr\u00e9er un site de <em>capsules vid\u00e9o<\/em> ?<\/h2>\n<p style=\"text-align: center;\"><img loading=\"lazy\" decoding=\"async\" class=\"alignnone wp-image-443\" src=\"https:\/\/salome-online.com\/capsules\/wp-content\/uploads\/2017\/09\/AppleTeacher_black-1024x379.png\" alt=\"\" width=\"241\" height=\"89\" srcset=\"https:\/\/salome-online.com\/capsules\/wp-content\/uploads\/2017\/09\/AppleTeacher_black-1024x379.png 1024w, https:\/\/salome-online.com\/capsules\/wp-content\/uploads\/2017\/09\/AppleTeacher_black-300x111.png 300w, https:\/\/salome-online.com\/capsules\/wp-content\/uploads\/2017\/09\/AppleTeacher_black-768x284.png 768w, https:\/\/salome-online.com\/capsules\/wp-content\/uploads\/2017\/09\/AppleTeacher_black.png 1539w\" sizes=\"auto, (max-width: 241px) 100vw, 241px\" \/><\/p>\n<p style=\"text-align: left;\"><strong>J<\/strong>e m&rsquo;appelle Christophe Salom\u00e9 et j&rsquo;enseigne dans le premier degr\u00e9, en maternelle et en \u00e9l\u00e9mentaire.<\/p>\n<p>Depuis plusieurs ann\u00e9es, je remplis les fonctions de ma\u00eetre rempla\u00e7ant dans les Alpes Maritimes. La multitude et la diversit\u00e9 des missions me montrent chaque jour \u00e0 quel point notre public, les enfants, a chang\u00e9. Le temps des cours magistraux, de la p\u00e9dagogie frontale est d\u00e9finitivement r\u00e9volu. Mais une fois qu&rsquo;on a dit \u00e7a, on n&rsquo;est pas beaucoup plus avanc\u00e9. Face \u00e0 ce constat, j&rsquo;ai commenc\u00e9 \u00e0 produire des <strong><em>capsules vid\u00e9o<\/em><\/strong> dans le but de permettre \u00e0 mes \u00e9l\u00e8ves de d\u00e9couvrir des r\u00e8gles de base \u00e0 leur rythme, chez eux ou en fond de classe. La capsule vid\u00e9o est encore plus patiente que moi, elle peut \u00eatre relue, on peut y revenir quand on en a besoin.<\/p>\n<p>L\u00e0 o\u00f9 je passais mon temps \u00e0 gesticuler devant mon tableau en demandant \u00e0 Hubert d&rsquo;arr\u00eater de bavarder, en exigeant que Robert cesse de tripoter son stylo et en rappelant \u00e0 Bernadette que ce n&rsquo;\u00e9tait pas tout \u00e0 fait le moment d&rsquo;aller tailler son crayon, je me retrouvai soudain face \u00e0 des \u00e9l\u00e8ves qui, apr\u00e8s avoir vu ma vid\u00e9o, tranquillement, parlaient de la m\u00eame chose que moi. Ils devenaient m\u00eame souvent acteurs de leur propre processus d&rsquo;apprentissage et me posant des questions sur un point de la vid\u00e9o qui leur avait caus\u00e9 des soucis&#8230;<\/p>\n<p>La plupart d&rsquo;entre eux pouvaient maintenant aller plus loin, s&rsquo;entra\u00eener, approfondir&#8230;<br \/>\nMon action allait d\u00e8s lors se concentrer sur les enfants qui en avaient besoin.<\/p>\n<h2>Vers la p\u00e9dagogie invers\u00e9e&#8230;<\/h2>\n<p>Cette excellente vid\u00e9o de&nbsp;<strong>Damien Frelat<\/strong> et <strong>Nasrdine Haddouri<\/strong> pr\u00e9sente, en peu de temps, une assez juste synth\u00e8se des enjeux de la classe invers\u00e9e :<\/p>\n<p style=\"text-align: center;\"><div class=\"kad-youtube-shortcode videofit\" style=\"max-width:640px;\" ><iframe loading=\"lazy\" width=\"640\" height=\"480\" src=\"\/\/www.youtube.com\/embed\/1_3_QGPyVCQ?autoplay=0&amp;controls=1&amp;fs=1&amp;modestbranding=0&amp;theme=dark&amp;rel=0&amp;loop=0\" frameborder=\"0\" allowfullscreen=\"true\"><\/iframe><\/div>\n<p style=\"text-align: center;\"><a class=\"fasc-button fasc-size-large fasc-type-glossy fasc-rounded-medium fasc-ico-before dashicons-admin-home\" style=\"background-color: #8111d6; color: #ffffff;\" href=\"https:\/\/salome-online.com\/capsules\/\">Accueil<\/a><\/p>\n<p>&nbsp;<\/p>\n<p><strong><em>Mentions l\u00e9gales :<br \/>\n<\/em><\/strong><em>Directeur de la publication : Christophe Salom\u00e9<br \/>\nLe site www.salome-online.com\/capsules est h\u00e9berg\u00e9 par la soci\u00e9t\u00e9 OVH<br \/>\n2 rue Kellermann<br \/>\n59 100 Roubaix<br \/>\nT\u00e9l : 1007<\/em><\/p>\n","protected":false},"excerpt":{"rendered":"<p>[Ce site respecte la charte de l&rsquo;anneau Sitinstit] Pourquoi cr\u00e9er un site de capsules vid\u00e9o ? Je m&rsquo;appelle Christophe Salom\u00e9 et j&rsquo;enseigne dans le premier degr\u00e9, en maternelle et en \u00e9l\u00e9mentaire. Depuis plusieurs ann\u00e9es, je remplis les fonctions de ma\u00eetre &hellip; <a href=\"https:\/\/salome-online.com\/capsules\/a-propos\/\">Lire la suite<\/a><\/p>\n","protected":false},"author":1,"featured_media":0,"parent":0,"menu_order":0,"comment_status":"closed","ping_status":"closed","template":"","meta":{"om_disable_all_campaigns":false,"kt_blocks_editor_width":"","_monsterinsights_skip_tracking":false,"_monsterinsights_sitenote_active":false,"_monsterinsights_sitenote_note":"","_monsterinsights_sitenote_category":0,"_uf_show_specific_survey":0,"_uf_disable_surveys":false,"footnotes":""},"class_list":["post-34","page","type-page","status-publish","hentry"],"aioseo_notices":[],"_links":{"self":[{"href":"https:\/\/salome-online.com\/capsules\/wp-json\/wp\/v2\/pages\/34","targetHints":{"allow":["GET"]}}],"collection":[{"href":"https:\/\/salome-online.com\/capsules\/wp-json\/wp\/v2\/pages"}],"about":[{"href":"https:\/\/salome-online.com\/capsules\/wp-json\/wp\/v2\/types\/page"}],"author":[{"embeddable":true,"href":"https:\/\/salome-online.com\/capsules\/wp-json\/wp\/v2\/users\/1"}],"replies":[{"embeddable":true,"href":"https:\/\/salome-online.com\/capsules\/wp-json\/wp\/v2\/comments?post=34"}],"version-history":[{"count":33,"href":"https:\/\/salome-online.com\/capsules\/wp-json\/wp\/v2\/pages\/34\/revisions"}],"predecessor-version":[{"id":453,"href":"https:\/\/salome-online.com\/capsules\/wp-json\/wp\/v2\/pages\/34\/revisions\/453"}],"wp:attachment":[{"href":"https:\/\/salome-online.com\/capsules\/wp-json\/wp\/v2\/media?parent=34"}],"curies":[{"name":"wp","href":"https:\/\/api.w.org\/{rel}","templated":true}]}}