{"id":14,"date":"2016-03-14T22:27:32","date_gmt":"2016-03-14T21:27:32","guid":{"rendered":"http:\/\/salome-online.com\/capsules\/?page_id=14"},"modified":"2016-03-21T16:09:51","modified_gmt":"2016-03-21T15:09:51","slug":"contact","status":"publish","type":"page","link":"https:\/\/salome-online.com\/capsules\/contact\/","title":{"rendered":"Contact"},"content":{"rendered":"<h2>Page de contact<\/h2>\n<p>Utilisez cette page pour entrer en contact avec moi. Je r\u00e9pondrai \u00e0 vos questions et je lirai avec attention vos suggestions ou vos critiques. Lorsque cela m&rsquo;est possible, je peux \u00e9galement produire une capsule vid\u00e9o \u00e0 votre demande, mais uniquement dans les cat\u00e9gories pr\u00e9sentes sur le site.<\/p>\n\n<div class=\"wpcf7 no-js\" id=\"wpcf7-f13-o1\" lang=\"fr-FR\" dir=\"ltr\" data-wpcf7-id=\"13\">\n<div class=\"screen-reader-response\"><p role=\"status\" aria-live=\"polite\" aria-atomic=\"true\"><\/p> <ul><\/ul><\/div>\n<form action=\"\/capsules\/wp-json\/wp\/v2\/pages\/14#wpcf7-f13-o1\" method=\"post\" class=\"wpcf7-form init\" aria-label=\"Formulaire de contact\" novalidate=\"novalidate\" data-status=\"init\">\n<div style=\"display: none;\">\n<input type=\"hidden\" name=\"_wpcf7\" value=\"13\" \/>\n<input type=\"hidden\" name=\"_wpcf7_version\" value=\"6.0.3\" \/>\n<input type=\"hidden\" name=\"_wpcf7_locale\" value=\"fr_FR\" \/>\n<input type=\"hidden\" name=\"_wpcf7_unit_tag\" value=\"wpcf7-f13-o1\" \/>\n<input type=\"hidden\" name=\"_wpcf7_container_post\" value=\"0\" \/>\n<input type=\"hidden\" name=\"_wpcf7_posted_data_hash\" value=\"\" \/>\n<\/div>\n<p>Votre nom (obligatoire)\n<\/p>\n<p><span class=\"wpcf7-form-control-wrap\" data-name=\"your-name\"><input size=\"40\" maxlength=\"400\" class=\"wpcf7-form-control wpcf7-text wpcf7-validates-as-required\" aria-required=\"true\" aria-invalid=\"false\" value=\"\" type=\"text\" name=\"your-name\" \/><\/span>\n<\/p>\n<p>Votre email (obligatoire)\n<\/p>\n<p><span class=\"wpcf7-form-control-wrap\" data-name=\"your-email\"><input size=\"40\" maxlength=\"400\" class=\"wpcf7-form-control wpcf7-email wpcf7-validates-as-required wpcf7-text wpcf7-validates-as-email\" aria-required=\"true\" aria-invalid=\"false\" value=\"\" type=\"email\" name=\"your-email\" \/><\/span>\n<\/p>\n<p>Sujet\n<\/p>\n<p><span class=\"wpcf7-form-control-wrap\" data-name=\"your-subject\"><input size=\"40\" maxlength=\"400\" class=\"wpcf7-form-control wpcf7-text\" aria-invalid=\"false\" value=\"\" type=\"text\" name=\"your-subject\" \/><\/span>\n<\/p>\n<p>Votre message\n<\/p>\n<p><span class=\"wpcf7-form-control-wrap\" data-name=\"your-message\"><textarea cols=\"40\" rows=\"10\" maxlength=\"2000\" class=\"wpcf7-form-control wpcf7-textarea\" aria-invalid=\"false\" name=\"your-message\"><\/textarea><\/span>\n<\/p>\n<p><input class=\"wpcf7-form-control wpcf7-submit has-spinner\" type=\"submit\" value=\"Envoyer\" \/>\n<\/p><div class=\"wpcf7-response-output\" aria-hidden=\"true\"><\/div>\n<\/form>\n<\/div>\n\n<p>&nbsp;<\/p>\n<p style=\"text-align: center;\"><a class=\"fasc-button fasc-size-large fasc-type-glossy fasc-rounded-medium fasc-ico-before dashicons-admin-home\" style=\"background-color: #8111d6; color: #ffffff;\" href=\"https:\/\/salome-online.com\/capsules\/\" data-fasc-style=\"background-color:#8111d6;color:#ffffff;\">Accueil<\/a><\/p>\n","protected":false},"excerpt":{"rendered":"<p>Page de contact Utilisez cette page pour entrer en contact avec moi. Je r\u00e9pondrai \u00e0 vos questions et je lirai avec attention vos suggestions ou vos critiques. Lorsque cela m&rsquo;est possible, je peux \u00e9galement produire une capsule vid\u00e9o \u00e0 votre &hellip; <a href=\"https:\/\/salome-online.com\/capsules\/contact\/\">Lire la suite<\/a><\/p>\n","protected":false},"author":1,"featured_media":0,"parent":0,"menu_order":0,"comment_status":"closed","ping_status":"closed","template":"","meta":{"om_disable_all_campaigns":false,"kt_blocks_editor_width":"","_monsterinsights_skip_tracking":false,"_monsterinsights_sitenote_active":false,"_monsterinsights_sitenote_note":"","_monsterinsights_sitenote_category":0,"_uf_show_specific_survey":0,"_uf_disable_surveys":false,"footnotes":""},"class_list":["post-14","page","type-page","status-publish","hentry"],"aioseo_notices":[],"_links":{"self":[{"href":"https:\/\/salome-online.com\/capsules\/wp-json\/wp\/v2\/pages\/14","targetHints":{"allow":["GET"]}}],"collection":[{"href":"https:\/\/salome-online.com\/capsules\/wp-json\/wp\/v2\/pages"}],"about":[{"href":"https:\/\/salome-online.com\/capsules\/wp-json\/wp\/v2\/types\/page"}],"author":[{"embeddable":true,"href":"https:\/\/salome-online.com\/capsules\/wp-json\/wp\/v2\/users\/1"}],"replies":[{"embeddable":true,"href":"https:\/\/salome-online.com\/capsules\/wp-json\/wp\/v2\/comments?post=14"}],"version-history":[{"count":5,"href":"https:\/\/salome-online.com\/capsules\/wp-json\/wp\/v2\/pages\/14\/revisions"}],"predecessor-version":[{"id":187,"href":"https:\/\/salome-online.com\/capsules\/wp-json\/wp\/v2\/pages\/14\/revisions\/187"}],"wp:attachment":[{"href":"https:\/\/salome-online.com\/capsules\/wp-json\/wp\/v2\/media?parent=14"}],"curies":[{"name":"wp","href":"https:\/\/api.w.org\/{rel}","templated":true}]}}